{"id":1293,"date":"2023-10-30T05:42:18","date_gmt":"2023-10-30T05:42:18","guid":{"rendered":"https:\/\/www.growdigital.gov.ie\/?page_id=1293"},"modified":"2024-07-11T11:18:25","modified_gmt":"2024-07-11T11:18:25","slug":"bainistiocht-fianan","status":"publish","type":"page","link":"https:\/\/www.growdigital.gov.ie\/ga\/bainistiocht-fianan\/","title":{"rendered":"Bainist\u00edocht Fian\u00e1n"},"content":{"rendered":"<p><strong>Polasa\u00ed Fian\u00e1n<\/strong><\/p>\n<p><strong>Cad is fian\u00e1n ann?<\/strong><\/p>\n<p>Is \u00e9ard is fian\u00e1n ann n\u00e1 p\u00edosa faisn\u00e9ise a st\u00f3r\u00e1iltear ar thiom\u00e1nt\u00e1n crua do r\u00edomhaire agus a thaifeadann conas a bhogann t\u00fa thart ar shu\u00edomh Gr\u00e9as\u00e1in ionas gur f\u00e9idir leis, nuair a thugann t\u00fa cuairt ar an su\u00edomh Gr\u00e9as\u00e1in sin ar\u00eds, roghanna saincheaptha a chur i l\u00e1thair bunaithe ar an bhfaisn\u00e9is at\u00e1 st\u00f3r\u00e1ilte faoi do cheann deireanach. cuairt. Is f\u00e9idir fian\u00e1in a \u00fas\u00e1id freisin chun anail\u00eds a dh\u00e9anamh ar thr\u00e1cht agus chun cr\u00edocha f\u00f3gra\u00edochta agus marga\u00edochta.<\/p>\n<p>\u00das\u00e1ideann beagnach gach su\u00edomh Gr\u00e9as\u00e1in fian\u00e1in agus n\u00ed dh\u00e9anann siad dochar do do ch\u00f3ras.<\/p>\n<p>M\u00e1s mian leat na cine\u00e1lacha fian\u00e1in a nglacann t\u00fa leo a sheice\u00e1il n\u00f3 a athr\u00fa, de ghn\u00e1th is f\u00e9idir \u00e9 seo a athr\u00fa laistigh de shocruithe do bhrabhs\u00e1la\u00ed. Is f\u00e9idir leat fian\u00e1in a bhloc\u00e1il am ar bith ach an socr\u00fa ar do bhrabhs\u00e1la\u00ed a ghn\u00edomhacht\u00fa a ligeann duit socr\u00fa gach fian\u00e1n n\u00f3 roinnt fian\u00e1n a dhi\u00falt\u00fa. Mar sin f\u00e9in, m\u00e1 \u00fas\u00e1ideann t\u00fa socruithe do bhrabhs\u00e1la\u00ed chun bac a chur ar gach fian\u00e1n (lena n-\u00e1ir\u00edtear fian\u00e1in riachtanacha) seans nach mbeidh t\u00fa in ann rochtain a fh\u00e1il ar \u00e1r su\u00edomh ar fad n\u00f3 ar chuid de.<\/p>\n<p><strong>Conas a \u00fas\u00e1idimid fian\u00e1in?<\/strong><\/p>\n<p>Bainimid \u00fas\u00e1id as fian\u00e1in chun d\u2019\u00fas\u00e1id \u00e1r su\u00edomh Gr\u00e9as\u00e1in a rian\u00fa. Ligeann s\u00e9 seo d\u00fainn tuiscint a fh\u00e1il ar an gcaoi a n-\u00fas\u00e1ideann t\u00fa an su\u00edomh agus aon phatr\u00fain a rian\u00fa maidir leis an gcaoi a bhfuil t\u00fa ag \u00fas\u00e1id \u00e1r su\u00edomh Gr\u00e9as\u00e1in. Cuid\u00edonn s\u00e9 seo linn \u00e1r su\u00edomh Gr\u00e9as\u00e1in a fhorbairt agus a fheabhs\u00fa chomh maith le t\u00e1irg\u00ed agus \/ n\u00f3 seirbh\u00eds\u00ed mar fhreagra ar cad a d&#8217;fh\u00e9adfadh a bheith uait n\u00f3 a bheith uait.<\/p>\n<p><strong>Is \u00e9ard at\u00e1 sna fian\u00e1in n\u00e1:<\/strong><\/p>\n<p><strong>Fian\u00e1in seisi\u00fain:<\/strong> n\u00ed st\u00f3r\u00e1lfar iad seo ach ar do r\u00edomhaire le linn do sheisi\u00fan Gr\u00e9as\u00e1in agus scriostar iad go huathoibr\u00edoch nuair a dh\u00fanann t\u00fa do bhrabhs\u00e1la\u00ed<\/p>\n<p>De ghn\u00e1th, st\u00f3r\u00e1lann siad ID seisi\u00fain gan ainm a ligeann duit su\u00edomh Gr\u00e9as\u00e1in a bhrabhs\u00e1il gan log\u00e1il isteach ar gach leathanach, ach n\u00ed bhail\u00edonn siad aon sonra\u00ed pearsanta \u00f3 do r\u00edomhaire; n\u00f3<\/p>\n<p><strong>Fian\u00e1in mharthanacha:<\/strong> st\u00f3r\u00e1iltear fian\u00e1n marthanach mar chomhad ar do r\u00edomhaire, agus fanann s\u00e9 ann nuair a dh\u00fanann t\u00fa do bhrabhs\u00e1la\u00ed gr\u00e9as\u00e1in. Is f\u00e9idir leis an su\u00edomh Gr\u00e9as\u00e1in a chruthaigh \u00e9 an fian\u00e1n a l\u00e9amh nuair a thugann t\u00fa cuairt ar an su\u00edomh Gr\u00e9as\u00e1in sin ar\u00eds. Bainimid \u00fas\u00e1id as fian\u00e1in marthanacha le haghaidh Google Analytics.<\/p>\n<p><strong>Is f\u00e9idir fian\u00e1in a chatag\u00f3iri\u00fa mar seo a leanas freisin:<\/strong><\/p>\n<p><strong>Fian\u00e1in a bhfuil g\u00e9argh\u00e1 leo:<\/strong> T\u00e1 na fian\u00e1in seo riachtanach le go mbeidh t\u00fa in ann an su\u00edomh Gr\u00e9as\u00e1in a \u00fas\u00e1id go h\u00e9ifeachtach, mar shampla agus t\u00e1irge agus\/n\u00f3 seirbh\u00eds \u00e1 gceannach agat, agus mar sin n\u00ed f\u00e9idir iad a mh\u00fachadh. Gan na fian\u00e1in seo, n\u00ed f\u00e9idir na seirbh\u00eds\u00ed at\u00e1 ar f\u00e1il duit ar \u00e1r su\u00edomh Gr\u00e9as\u00e1in a shol\u00e1thar. N\u00ed bhail\u00edonn na fian\u00e1in seo faisn\u00e9is f\u00fat a d\u2019fh\u00e9adfa\u00ed a \u00fas\u00e1id chun marga\u00edocht a dh\u00e9anamh n\u00f3 chun cuimhneamh ar an \u00e1it a raibh t\u00fa ar an idirl\u00edon.<\/p>\n<p><strong>Fian\u00e1in feidhm\u00edochta:<\/strong> Cuireann na fian\u00e1in seo ar \u00e1r gcumas monat\u00f3ireacht agus feabhas a chur ar fheidhm\u00edocht \u00e1r su\u00edomh Gr\u00e9as\u00e1in. Mar shampla, cuireann siad ar \u00e1r gcumas cuairteanna a chomhaireamh, foins\u00ed tr\u00e1chta a aithint agus f\u00e9achaint c\u00e9 na codanna den l\u00e1ithre\u00e1n is m\u00f3 a bhfuil t\u00f3ir orthu.<\/p>\n<p><strong>Fian\u00e1in feidhmi\u00falachta:<\/strong> Ligeann na fian\u00e1in seo d\u00e1r su\u00edomh Gr\u00e9as\u00e1in cuimhneamh ar na roghanna a dh\u00e9anann t\u00fa agus gn\u00e9ithe feabhsaithe a shol\u00e1thar. Mar shampla, b\u2019fh\u00e9idir go mbeimid in ann nuacht n\u00f3 nuashonruithe a bhaineann leis na seirbh\u00eds\u00ed a \u00fas\u00e1ideann t\u00fa a shol\u00e1thar duit. F\u00e9adfar iad a \u00fas\u00e1id freisin chun seirbh\u00eds\u00ed a d\u2019iarr t\u00fa a shol\u00e1thar, mar shampla f\u00e9achaint ar fh\u00edse\u00e1n n\u00f3 tr\u00e1cht ar bhlag. Is gn\u00e1ch go mb\u00edonn an fhaisn\u00e9is a bhail\u00edonn na fian\u00e1in seo anaithnid.<\/p>\n<p>T\u00e1 Fian\u00e1in Liostaithe &amp; Roghanna Tosa\u00edochta liostaithe th\u00edos.<\/p>\n<p>[maitr\u00eds_gdpr_cookiescript]<\/p>\n","protected":false},"excerpt":{"rendered":"<p>Polasa\u00ed Fian\u00e1n Cad is fian\u00e1n ann? Is \u00e9ard is fian\u00e1n ann n\u00e1 p\u00edosa faisn\u00e9ise a st\u00f3r\u00e1iltear ar thiom\u00e1nt\u00e1n crua do r\u00edomhaire agus a thaifeadann conas a bhogann t\u00fa thart ar shu\u00edomh Gr\u00e9as\u00e1in ionas gur f\u00e9idir leis, nuair a thugann t\u00fa cuairt ar an su\u00edomh Gr\u00e9as\u00e1in sin ar\u00eds, roghanna saincheaptha a chur i l\u00e1thair bunaithe ar [&hellip;]<\/p>\n","protected":false},"author":60,"featured_media":0,"parent":0,"menu_order":0,"comment_status":"closed","ping_status":"closed","template":"","meta":{"_acf_changed":false,"footnotes":""},"class_list":["post-1293","page","type-page","status-publish","hentry"],"acf":[],"yoast_head":"<!-- This site is optimized with the Yoast SEO plugin v27.1.1 - https:\/\/yoast.com\/product\/yoast-seo-wordpress\/ -->\n<title>Bainist\u00edocht Fian\u00e1n | F\u00e1s Digiteach<\/title>\n<meta name=\"description\" content=\"M\u00edn\u00edonn \u00e1r bPolasa\u00ed Fian\u00e1n conas a \u00fas\u00e1idimid fian\u00e1in chun do thaith\u00ed ar an su\u00edomh Gr\u00e9as\u00e1in a fheabhs\u00fa. Foghlaim faoi phr\u00edobh\u00e1ideacht sonra\u00ed agus faoi bhainisti\u00fa fian\u00e1n.\" \/>\n<meta name=\"robots\" content=\"index, follow, max-snippet:-1, max-image-preview:large, max-video-preview:-1\" \/>\n<link rel=\"canonical\" href=\"https:\/\/www.growdigital.gov.ie\/ga\/bainistiocht-fianan\/\" \/>\n<meta property=\"og:locale\" content=\"ga_IE\" \/>\n<meta property=\"og:type\" content=\"article\" \/>\n<meta property=\"og:title\" content=\"Bainist\u00edocht Fian\u00e1n | F\u00e1s Digiteach\" \/>\n<meta property=\"og:description\" content=\"M\u00edn\u00edonn \u00e1r bPolasa\u00ed Fian\u00e1n conas a \u00fas\u00e1idimid fian\u00e1in chun do thaith\u00ed ar an su\u00edomh Gr\u00e9as\u00e1in a fheabhs\u00fa. Foghlaim faoi phr\u00edobh\u00e1ideacht sonra\u00ed agus faoi bhainisti\u00fa fian\u00e1n.\" \/>\n<meta property=\"og:url\" content=\"https:\/\/www.growdigital.gov.ie\/ga\/bainistiocht-fianan\/\" \/>\n<meta property=\"og:site_name\" content=\"Grow Digital\" \/>\n<meta property=\"article:modified_time\" content=\"2024-07-11T11:18:25+00:00\" \/>\n<meta property=\"og:image\" content=\"https:\/\/www.growdigital.gov.ie\/wp-content\/uploads\/2023\/10\/results-look2.png\" \/>\n\t<meta property=\"og:image:width\" content=\"464\" \/>\n\t<meta property=\"og:image:height\" content=\"318\" \/>\n\t<meta property=\"og:image:type\" content=\"image\/png\" \/>\n<meta name=\"twitter:card\" content=\"summary_large_image\" \/>\n<meta name=\"twitter:label1\" content=\"Est. reading time\" \/>\n\t<meta name=\"twitter:data1\" content=\"4 minutes\" \/>\n<script type=\"application\/ld+json\" class=\"yoast-schema-graph\">{\"@context\":\"https:\/\/schema.org\",\"@graph\":[{\"@type\":\"WebPage\",\"@id\":\"https:\/\/www.growdigital.gov.ie\/ga\/bainistiocht-fianan\/\",\"url\":\"https:\/\/www.growdigital.gov.ie\/ga\/bainistiocht-fianan\/\",\"name\":\"Bainist\u00edocht Fian\u00e1n | F\u00e1s Digiteach\",\"isPartOf\":{\"@id\":\"https:\/\/www.growdigital.gov.ie\/#website\"},\"datePublished\":\"2023-10-30T05:42:18+00:00\",\"dateModified\":\"2024-07-11T11:18:25+00:00\",\"description\":\"M\u00edn\u00edonn \u00e1r bPolasa\u00ed Fian\u00e1n conas a \u00fas\u00e1idimid fian\u00e1in chun do thaith\u00ed ar an su\u00edomh Gr\u00e9as\u00e1in a fheabhs\u00fa. Foghlaim faoi phr\u00edobh\u00e1ideacht sonra\u00ed agus faoi bhainisti\u00fa fian\u00e1n.\",\"breadcrumb\":{\"@id\":\"https:\/\/www.growdigital.gov.ie\/ga\/bainistiocht-fianan\/#breadcrumb\"},\"inLanguage\":\"ga-IE\",\"potentialAction\":[{\"@type\":\"ReadAction\",\"target\":[\"https:\/\/www.growdigital.gov.ie\/ga\/bainistiocht-fianan\/\"]}]},{\"@type\":\"BreadcrumbList\",\"@id\":\"https:\/\/www.growdigital.gov.ie\/ga\/bainistiocht-fianan\/#breadcrumb\",\"itemListElement\":[{\"@type\":\"ListItem\",\"position\":1,\"name\":\"Home\",\"item\":\"https:\/\/www.growdigital.gov.ie\/ga\/\"},{\"@type\":\"ListItem\",\"position\":2,\"name\":\"Bainist\u00edocht Fian\u00e1n\"}]},{\"@type\":\"WebSite\",\"@id\":\"https:\/\/www.growdigital.gov.ie\/#website\",\"url\":\"https:\/\/www.growdigital.gov.ie\/\",\"name\":\"Grow Digital\",\"description\":\"Digital toolkit for every business\",\"publisher\":{\"@id\":\"https:\/\/www.growdigital.gov.ie\/#organization\"},\"alternateName\":\"Grow Digital - Digital toolkit for every business\",\"potentialAction\":[{\"@type\":\"SearchAction\",\"target\":{\"@type\":\"EntryPoint\",\"urlTemplate\":\"https:\/\/www.growdigital.gov.ie\/?s={search_term_string}\"},\"query-input\":{\"@type\":\"PropertyValueSpecification\",\"valueRequired\":true,\"valueName\":\"search_term_string\"}}],\"inLanguage\":\"ga-IE\"},{\"@type\":\"Organization\",\"@id\":\"https:\/\/www.growdigital.gov.ie\/#organization\",\"name\":\"Grow Digital\",\"alternateName\":\"Grow Digital - Digital toolkit for every business\",\"url\":\"https:\/\/www.growdigital.gov.ie\/\",\"logo\":{\"@type\":\"ImageObject\",\"inLanguage\":\"ga-IE\",\"@id\":\"https:\/\/www.growdigital.gov.ie\/#\/schema\/logo\/image\/\",\"url\":\"https:\/\/www.growdigital.gov.ie\/wp-content\/uploads\/2023\/11\/Grow-Digital-Logo-background.webp\",\"contentUrl\":\"https:\/\/www.growdigital.gov.ie\/wp-content\/uploads\/2023\/11\/Grow-Digital-Logo-background.webp\",\"width\":599,\"height\":455,\"caption\":\"Grow Digital\"},\"image\":{\"@id\":\"https:\/\/www.growdigital.gov.ie\/#\/schema\/logo\/image\/\"}}]}<\/script>\n<!-- \/ Yoast SEO plugin. -->","yoast_head_json":{"title":"Bainist\u00edocht Fian\u00e1n | F\u00e1s Digiteach","description":"M\u00edn\u00edonn \u00e1r bPolasa\u00ed Fian\u00e1n conas a \u00fas\u00e1idimid fian\u00e1in chun do thaith\u00ed ar an su\u00edomh Gr\u00e9as\u00e1in a fheabhs\u00fa. Foghlaim faoi phr\u00edobh\u00e1ideacht sonra\u00ed agus faoi bhainisti\u00fa fian\u00e1n.","robots":{"index":"index","follow":"follow","max-snippet":"max-snippet:-1","max-image-preview":"max-image-preview:large","max-video-preview":"max-video-preview:-1"},"canonical":"https:\/\/www.growdigital.gov.ie\/ga\/bainistiocht-fianan\/","og_locale":"ga_IE","og_type":"article","og_title":"Bainist\u00edocht Fian\u00e1n | F\u00e1s Digiteach","og_description":"M\u00edn\u00edonn \u00e1r bPolasa\u00ed Fian\u00e1n conas a \u00fas\u00e1idimid fian\u00e1in chun do thaith\u00ed ar an su\u00edomh Gr\u00e9as\u00e1in a fheabhs\u00fa. Foghlaim faoi phr\u00edobh\u00e1ideacht sonra\u00ed agus faoi bhainisti\u00fa fian\u00e1n.","og_url":"https:\/\/www.growdigital.gov.ie\/ga\/bainistiocht-fianan\/","og_site_name":"Grow Digital","article_modified_time":"2024-07-11T11:18:25+00:00","og_image":[{"width":464,"height":318,"url":"https:\/\/www.growdigital.gov.ie\/wp-content\/uploads\/2023\/10\/results-look2.png","type":"image\/png"}],"twitter_card":"summary_large_image","twitter_misc":{"Est. reading time":"4 minutes"},"schema":{"@context":"https:\/\/schema.org","@graph":[{"@type":"WebPage","@id":"https:\/\/www.growdigital.gov.ie\/ga\/bainistiocht-fianan\/","url":"https:\/\/www.growdigital.gov.ie\/ga\/bainistiocht-fianan\/","name":"Bainist\u00edocht Fian\u00e1n | F\u00e1s Digiteach","isPartOf":{"@id":"https:\/\/www.growdigital.gov.ie\/#website"},"datePublished":"2023-10-30T05:42:18+00:00","dateModified":"2024-07-11T11:18:25+00:00","description":"M\u00edn\u00edonn \u00e1r bPolasa\u00ed Fian\u00e1n conas a \u00fas\u00e1idimid fian\u00e1in chun do thaith\u00ed ar an su\u00edomh Gr\u00e9as\u00e1in a fheabhs\u00fa. Foghlaim faoi phr\u00edobh\u00e1ideacht sonra\u00ed agus faoi bhainisti\u00fa fian\u00e1n.","breadcrumb":{"@id":"https:\/\/www.growdigital.gov.ie\/ga\/bainistiocht-fianan\/#breadcrumb"},"inLanguage":"ga-IE","potentialAction":[{"@type":"ReadAction","target":["https:\/\/www.growdigital.gov.ie\/ga\/bainistiocht-fianan\/"]}]},{"@type":"BreadcrumbList","@id":"https:\/\/www.growdigital.gov.ie\/ga\/bainistiocht-fianan\/#breadcrumb","itemListElement":[{"@type":"ListItem","position":1,"name":"Home","item":"https:\/\/www.growdigital.gov.ie\/ga\/"},{"@type":"ListItem","position":2,"name":"Bainist\u00edocht Fian\u00e1n"}]},{"@type":"WebSite","@id":"https:\/\/www.growdigital.gov.ie\/#website","url":"https:\/\/www.growdigital.gov.ie\/","name":"Grow Digital","description":"Digital toolkit for every business","publisher":{"@id":"https:\/\/www.growdigital.gov.ie\/#organization"},"alternateName":"Grow Digital - Digital toolkit for every business","potentialAction":[{"@type":"SearchAction","target":{"@type":"EntryPoint","urlTemplate":"https:\/\/www.growdigital.gov.ie\/?s={search_term_string}"},"query-input":{"@type":"PropertyValueSpecification","valueRequired":true,"valueName":"search_term_string"}}],"inLanguage":"ga-IE"},{"@type":"Organization","@id":"https:\/\/www.growdigital.gov.ie\/#organization","name":"Grow Digital","alternateName":"Grow Digital - Digital toolkit for every business","url":"https:\/\/www.growdigital.gov.ie\/","logo":{"@type":"ImageObject","inLanguage":"ga-IE","@id":"https:\/\/www.growdigital.gov.ie\/#\/schema\/logo\/image\/","url":"https:\/\/www.growdigital.gov.ie\/wp-content\/uploads\/2023\/11\/Grow-Digital-Logo-background.webp","contentUrl":"https:\/\/www.growdigital.gov.ie\/wp-content\/uploads\/2023\/11\/Grow-Digital-Logo-background.webp","width":599,"height":455,"caption":"Grow Digital"},"image":{"@id":"https:\/\/www.growdigital.gov.ie\/#\/schema\/logo\/image\/"}}]}},"_links":{"self":[{"href":"https:\/\/www.growdigital.gov.ie\/ga\/wp-json\/wp\/v2\/pages\/1293","targetHints":{"allow":["GET"]}}],"collection":[{"href":"https:\/\/www.growdigital.gov.ie\/ga\/wp-json\/wp\/v2\/pages"}],"about":[{"href":"https:\/\/www.growdigital.gov.ie\/ga\/wp-json\/wp\/v2\/types\/page"}],"author":[{"embeddable":true,"href":"https:\/\/www.growdigital.gov.ie\/ga\/wp-json\/wp\/v2\/users\/60"}],"replies":[{"embeddable":true,"href":"https:\/\/www.growdigital.gov.ie\/ga\/wp-json\/wp\/v2\/comments?post=1293"}],"version-history":[{"count":1,"href":"https:\/\/www.growdigital.gov.ie\/ga\/wp-json\/wp\/v2\/pages\/1293\/revisions"}],"predecessor-version":[{"id":1294,"href":"https:\/\/www.growdigital.gov.ie\/ga\/wp-json\/wp\/v2\/pages\/1293\/revisions\/1294"}],"wp:attachment":[{"href":"https:\/\/www.growdigital.gov.ie\/ga\/wp-json\/wp\/v2\/media?parent=1293"}],"curies":[{"name":"wp","href":"https:\/\/api.w.org\/{rel}","templated":true}]}}