{"id":1301,"date":"2024-04-18T07:04:19","date_gmt":"2024-04-18T07:04:19","guid":{"rendered":"https:\/\/www.growdigital.gov.ie\/?page_id=1301"},"modified":"2024-07-11T11:24:05","modified_gmt":"2024-07-11T11:24:05","slug":"feabhsaigh-do-sheirbhis-do-chustaimeiri","status":"publish","type":"page","link":"https:\/\/www.growdigital.gov.ie\/ga\/feabhsaigh-do-sheirbhis-do-chustaimeiri\/","title":{"rendered":"Feabhsaigh do sheirbh\u00eds do chustaim\u00e9ir\u00ed"},"content":{"rendered":"","protected":false},"excerpt":{"rendered":"","protected":false},"author":60,"featured_media":0,"parent":0,"menu_order":0,"comment_status":"closed","ping_status":"closed","template":"page-statements.php","meta":{"_acf_changed":false,"footnotes":""},"class_list":["post-1301","page","type-page","status-publish","hentry"],"acf":[],"yoast_head":"<!-- This site is optimized with the Yoast SEO plugin v27.5 - https:\/\/yoast.com\/product\/yoast-seo-wordpress\/ -->\n<title>Feabhsaigh do Sheirbh\u00eds do Chustaim\u00e9ir\u00ed leis an gCl\u00e1r Grow Digital<\/title>\n<meta name=\"description\" content=\"Feabhas a chur ar sheirbh\u00eds do chustaim\u00e9ir\u00ed tr\u00ed eisp\u00e9ireas gan uaim a chruth\u00fa, do th\u00e1irg\u00ed agus seirbh\u00eds\u00ed a leathn\u00fa chuig custaim\u00e9ir\u00ed nua, agus d\u00edlseacht a neart\u00fa.\" \/>\n<meta name=\"robots\" content=\"index, follow, max-snippet:-1, max-image-preview:large, max-video-preview:-1\" \/>\n<link rel=\"canonical\" href=\"https:\/\/www.growdigital.gov.ie\/ga\/feabhsaigh-do-sheirbhis-do-chustaimeiri\/\" \/>\n<meta property=\"og:locale\" content=\"ga_IE\" \/>\n<meta property=\"og:type\" content=\"article\" \/>\n<meta property=\"og:title\" content=\"Feabhsaigh do Sheirbh\u00eds do Chustaim\u00e9ir\u00ed leis an gCl\u00e1r Grow Digital\" \/>\n<meta property=\"og:description\" content=\"Feabhas a chur ar sheirbh\u00eds do chustaim\u00e9ir\u00ed tr\u00ed eisp\u00e9ireas gan uaim a chruth\u00fa, do th\u00e1irg\u00ed agus seirbh\u00eds\u00ed a leathn\u00fa chuig custaim\u00e9ir\u00ed nua, agus d\u00edlseacht a neart\u00fa.\" \/>\n<meta property=\"og:url\" content=\"https:\/\/www.growdigital.gov.ie\/ga\/feabhsaigh-do-sheirbhis-do-chustaimeiri\/\" \/>\n<meta property=\"og:site_name\" content=\"Grow Digital\" \/>\n<meta property=\"article:modified_time\" content=\"2024-07-11T11:24:05+00:00\" \/>\n<meta property=\"og:image\" content=\"https:\/\/www.growdigital.gov.ie\/wp-content\/uploads\/2023\/10\/results-look2.png\" \/>\n\t<meta property=\"og:image:width\" content=\"464\" \/>\n\t<meta property=\"og:image:height\" content=\"318\" \/>\n\t<meta property=\"og:image:type\" content=\"image\/png\" \/>\n<meta name=\"twitter:card\" content=\"summary_large_image\" \/>\n<script type=\"application\/ld+json\" class=\"yoast-schema-graph\">{\"@context\":\"https:\\\/\\\/schema.org\",\"@graph\":[{\"@type\":\"WebPage\",\"@id\":\"https:\\\/\\\/www.growdigital.gov.ie\\\/ga\\\/feabhsaigh-do-sheirbhis-do-chustaimeiri\\\/\",\"url\":\"https:\\\/\\\/www.growdigital.gov.ie\\\/ga\\\/feabhsaigh-do-sheirbhis-do-chustaimeiri\\\/\",\"name\":\"Feabhsaigh do Sheirbh\u00eds do Chustaim\u00e9ir\u00ed leis an gCl\u00e1r Grow Digital\",\"isPartOf\":{\"@id\":\"https:\\\/\\\/www.growdigital.gov.ie\\\/#website\"},\"datePublished\":\"2024-04-18T07:04:19+00:00\",\"dateModified\":\"2024-07-11T11:24:05+00:00\",\"description\":\"Feabhas a chur ar sheirbh\u00eds do chustaim\u00e9ir\u00ed tr\u00ed eisp\u00e9ireas gan uaim a chruth\u00fa, do th\u00e1irg\u00ed agus seirbh\u00eds\u00ed a leathn\u00fa chuig custaim\u00e9ir\u00ed nua, agus d\u00edlseacht a neart\u00fa.\",\"breadcrumb\":{\"@id\":\"https:\\\/\\\/www.growdigital.gov.ie\\\/ga\\\/feabhsaigh-do-sheirbhis-do-chustaimeiri\\\/#breadcrumb\"},\"inLanguage\":\"ga-IE\",\"potentialAction\":[{\"@type\":\"ReadAction\",\"target\":[\"https:\\\/\\\/www.growdigital.gov.ie\\\/ga\\\/feabhsaigh-do-sheirbhis-do-chustaimeiri\\\/\"]}]},{\"@type\":\"BreadcrumbList\",\"@id\":\"https:\\\/\\\/www.growdigital.gov.ie\\\/ga\\\/feabhsaigh-do-sheirbhis-do-chustaimeiri\\\/#breadcrumb\",\"itemListElement\":[{\"@type\":\"ListItem\",\"position\":1,\"name\":\"Home\",\"item\":\"https:\\\/\\\/www.growdigital.gov.ie\\\/ga\\\/\"},{\"@type\":\"ListItem\",\"position\":2,\"name\":\"Feabhsaigh do sheirbh\u00eds do chustaim\u00e9ir\u00ed\"}]},{\"@type\":\"WebSite\",\"@id\":\"https:\\\/\\\/www.growdigital.gov.ie\\\/#website\",\"url\":\"https:\\\/\\\/www.growdigital.gov.ie\\\/\",\"name\":\"Grow Digital\",\"description\":\"Digital toolkit for every business\",\"publisher\":{\"@id\":\"https:\\\/\\\/www.growdigital.gov.ie\\\/#organization\"},\"alternateName\":\"Grow Digital - Digital toolkit for every business\",\"potentialAction\":[{\"@type\":\"SearchAction\",\"target\":{\"@type\":\"EntryPoint\",\"urlTemplate\":\"https:\\\/\\\/www.growdigital.gov.ie\\\/?s={search_term_string}\"},\"query-input\":{\"@type\":\"PropertyValueSpecification\",\"valueRequired\":true,\"valueName\":\"search_term_string\"}}],\"inLanguage\":\"ga-IE\"},{\"@type\":\"Organization\",\"@id\":\"https:\\\/\\\/www.growdigital.gov.ie\\\/#organization\",\"name\":\"Grow Digital\",\"alternateName\":\"Grow Digital - Digital toolkit for every business\",\"url\":\"https:\\\/\\\/www.growdigital.gov.ie\\\/\",\"logo\":{\"@type\":\"ImageObject\",\"inLanguage\":\"ga-IE\",\"@id\":\"https:\\\/\\\/www.growdigital.gov.ie\\\/#\\\/schema\\\/logo\\\/image\\\/\",\"url\":\"https:\\\/\\\/www.growdigital.gov.ie\\\/wp-content\\\/uploads\\\/2023\\\/11\\\/Grow-Digital-Logo-background.webp\",\"contentUrl\":\"https:\\\/\\\/www.growdigital.gov.ie\\\/wp-content\\\/uploads\\\/2023\\\/11\\\/Grow-Digital-Logo-background.webp\",\"width\":599,\"height\":455,\"caption\":\"Grow Digital\"},\"image\":{\"@id\":\"https:\\\/\\\/www.growdigital.gov.ie\\\/#\\\/schema\\\/logo\\\/image\\\/\"}}]}<\/script>\n<!-- \/ Yoast SEO plugin. -->","yoast_head_json":{"title":"Feabhsaigh do Sheirbh\u00eds do Chustaim\u00e9ir\u00ed leis an gCl\u00e1r Grow Digital","description":"Feabhas a chur ar sheirbh\u00eds do chustaim\u00e9ir\u00ed tr\u00ed eisp\u00e9ireas gan uaim a chruth\u00fa, do th\u00e1irg\u00ed agus seirbh\u00eds\u00ed a leathn\u00fa chuig custaim\u00e9ir\u00ed nua, agus d\u00edlseacht a neart\u00fa.","robots":{"index":"index","follow":"follow","max-snippet":"max-snippet:-1","max-image-preview":"max-image-preview:large","max-video-preview":"max-video-preview:-1"},"canonical":"https:\/\/www.growdigital.gov.ie\/ga\/feabhsaigh-do-sheirbhis-do-chustaimeiri\/","og_locale":"ga_IE","og_type":"article","og_title":"Feabhsaigh do Sheirbh\u00eds do Chustaim\u00e9ir\u00ed leis an gCl\u00e1r Grow Digital","og_description":"Feabhas a chur ar sheirbh\u00eds do chustaim\u00e9ir\u00ed tr\u00ed eisp\u00e9ireas gan uaim a chruth\u00fa, do th\u00e1irg\u00ed agus seirbh\u00eds\u00ed a leathn\u00fa chuig custaim\u00e9ir\u00ed nua, agus d\u00edlseacht a neart\u00fa.","og_url":"https:\/\/www.growdigital.gov.ie\/ga\/feabhsaigh-do-sheirbhis-do-chustaimeiri\/","og_site_name":"Grow Digital","article_modified_time":"2024-07-11T11:24:05+00:00","og_image":[{"width":464,"height":318,"url":"https:\/\/www.growdigital.gov.ie\/wp-content\/uploads\/2023\/10\/results-look2.png","type":"image\/png"}],"twitter_card":"summary_large_image","schema":{"@context":"https:\/\/schema.org","@graph":[{"@type":"WebPage","@id":"https:\/\/www.growdigital.gov.ie\/ga\/feabhsaigh-do-sheirbhis-do-chustaimeiri\/","url":"https:\/\/www.growdigital.gov.ie\/ga\/feabhsaigh-do-sheirbhis-do-chustaimeiri\/","name":"Feabhsaigh do Sheirbh\u00eds do Chustaim\u00e9ir\u00ed leis an gCl\u00e1r Grow Digital","isPartOf":{"@id":"https:\/\/www.growdigital.gov.ie\/#website"},"datePublished":"2024-04-18T07:04:19+00:00","dateModified":"2024-07-11T11:24:05+00:00","description":"Feabhas a chur ar sheirbh\u00eds do chustaim\u00e9ir\u00ed tr\u00ed eisp\u00e9ireas gan uaim a chruth\u00fa, do th\u00e1irg\u00ed agus seirbh\u00eds\u00ed a leathn\u00fa chuig custaim\u00e9ir\u00ed nua, agus d\u00edlseacht a neart\u00fa.","breadcrumb":{"@id":"https:\/\/www.growdigital.gov.ie\/ga\/feabhsaigh-do-sheirbhis-do-chustaimeiri\/#breadcrumb"},"inLanguage":"ga-IE","potentialAction":[{"@type":"ReadAction","target":["https:\/\/www.growdigital.gov.ie\/ga\/feabhsaigh-do-sheirbhis-do-chustaimeiri\/"]}]},{"@type":"BreadcrumbList","@id":"https:\/\/www.growdigital.gov.ie\/ga\/feabhsaigh-do-sheirbhis-do-chustaimeiri\/#breadcrumb","itemListElement":[{"@type":"ListItem","position":1,"name":"Home","item":"https:\/\/www.growdigital.gov.ie\/ga\/"},{"@type":"ListItem","position":2,"name":"Feabhsaigh do sheirbh\u00eds do chustaim\u00e9ir\u00ed"}]},{"@type":"WebSite","@id":"https:\/\/www.growdigital.gov.ie\/#website","url":"https:\/\/www.growdigital.gov.ie\/","name":"Grow Digital","description":"Digital toolkit for every business","publisher":{"@id":"https:\/\/www.growdigital.gov.ie\/#organization"},"alternateName":"Grow Digital - Digital toolkit for every business","potentialAction":[{"@type":"SearchAction","target":{"@type":"EntryPoint","urlTemplate":"https:\/\/www.growdigital.gov.ie\/?s={search_term_string}"},"query-input":{"@type":"PropertyValueSpecification","valueRequired":true,"valueName":"search_term_string"}}],"inLanguage":"ga-IE"},{"@type":"Organization","@id":"https:\/\/www.growdigital.gov.ie\/#organization","name":"Grow Digital","alternateName":"Grow Digital - Digital toolkit for every business","url":"https:\/\/www.growdigital.gov.ie\/","logo":{"@type":"ImageObject","inLanguage":"ga-IE","@id":"https:\/\/www.growdigital.gov.ie\/#\/schema\/logo\/image\/","url":"https:\/\/www.growdigital.gov.ie\/wp-content\/uploads\/2023\/11\/Grow-Digital-Logo-background.webp","contentUrl":"https:\/\/www.growdigital.gov.ie\/wp-content\/uploads\/2023\/11\/Grow-Digital-Logo-background.webp","width":599,"height":455,"caption":"Grow Digital"},"image":{"@id":"https:\/\/www.growdigital.gov.ie\/#\/schema\/logo\/image\/"}}]}},"_links":{"self":[{"href":"https:\/\/www.growdigital.gov.ie\/ga\/wp-json\/wp\/v2\/pages\/1301","targetHints":{"allow":["GET"]}}],"collection":[{"href":"https:\/\/www.growdigital.gov.ie\/ga\/wp-json\/wp\/v2\/pages"}],"about":[{"href":"https:\/\/www.growdigital.gov.ie\/ga\/wp-json\/wp\/v2\/types\/page"}],"author":[{"embeddable":true,"href":"https:\/\/www.growdigital.gov.ie\/ga\/wp-json\/wp\/v2\/users\/60"}],"replies":[{"embeddable":true,"href":"https:\/\/www.growdigital.gov.ie\/ga\/wp-json\/wp\/v2\/comments?post=1301"}],"version-history":[{"count":6,"href":"https:\/\/www.growdigital.gov.ie\/ga\/wp-json\/wp\/v2\/pages\/1301\/revisions"}],"predecessor-version":[{"id":1510,"href":"https:\/\/www.growdigital.gov.ie\/ga\/wp-json\/wp\/v2\/pages\/1301\/revisions\/1510"}],"wp:attachment":[{"href":"https:\/\/www.growdigital.gov.ie\/ga\/wp-json\/wp\/v2\/media?parent=1301"}],"curies":[{"name":"wp","href":"https:\/\/api.w.org\/{rel}","templated":true}]}}