{"id":1356,"date":"2023-10-30T05:46:21","date_gmt":"2023-10-30T05:46:21","guid":{"rendered":"https:\/\/www.growdigital.gov.ie\/freedom-of-information\/"},"modified":"2024-07-11T11:24:55","modified_gmt":"2024-07-11T11:24:55","slug":"freedom-of-information","status":"publish","type":"page","link":"https:\/\/www.growdigital.gov.ie\/ga\/freedom-of-information\/","title":{"rendered":"Saor\u00e1il Faisn\u00e9ise"},"content":{"rendered":"<h2>Saor\u00e1il Faisn\u00e9ise<\/h2>\n<p><strong>Saor\u00e1il Faisn\u00e9ise<\/strong><\/p>\n<p>Buna\u00edonn an tAcht um Shaor\u00e1il Faisn\u00e9ise 2014 tr\u00ed cheart reacht\u00fala:<\/p>\n<ul>\n<li>ceart dl\u00edthi\u00fail ag gach duine rochtain a fh\u00e1il ar fhaisn\u00e9is at\u00e1 i seilbh comhlachta\u00ed poibl\u00ed<\/li>\n<li>ceart dl\u00edthi\u00fail ag gach duine faisn\u00e9is oifigi\u00fail a bhaineann leis\/l\u00e9i f\u00e9in a leas\u00fa nuair at\u00e1 s\u00e9 neamhioml\u00e1n, m\u00edcheart n\u00f3 m\u00edthreorach<\/li>\n<li>ceart dl\u00edthi\u00fail c\u00faiseanna a fh\u00e1il le cinnt\u00ed a bhaineann leis an duine f\u00e9in<\/li>\n<\/ul>\n<p>Dearbha\u00edonn an tAcht an ceart at\u00e1 ag baill den phobal rochtain a fh\u00e1il ar fhaisn\u00e9is oifigi\u00fail a mh\u00e9id is f\u00e9idir i gcomhr\u00e9ir le leas an phobail agus le ceart chun pr\u00edobh\u00e1ideachta daoine aonair.<\/p>\n<h2>Iarratais faoin Acht um Shaor\u00e1il Faisn\u00e9ise<\/h2>\n<p>Faoin Acht um Shaor\u00e1il Faisn\u00e9ise, t\u00e1 aon duine i dteideal iarratas a dh\u00e9anamh ar rochtain ar fhaisn\u00e9is nach bhfuil ar f\u00e1il go poibl\u00ed ar bhealach eile.<\/p>\n<p>T\u00e1 s\u00e9 de cheart ag gach duine:<\/p>\n<ul>\n<li>rochtain ar thaifid at\u00e1 i seilbh na Roinne (alt 12)<\/li>\n<li>ceart\u00fa faisn\u00e9ise pearsanta a bhaineann leis an duine f\u00e9in at\u00e1 i seilbh na Roinne i gc\u00e1s ina bhfuil s\u00e9 m\u00edchruinn, neamhioml\u00e1n n\u00f3 m\u00edthreorach (alt 9)<\/li>\n<li>rochtain ar ch\u00faiseanna le cinnt\u00ed a rinne an Roinn a dh\u00e9anann difear d\u00edreach duit f\u00e9in (alt 10)<\/li>\n<\/ul>\n<p>Tagann na taifid seo a leanas faoi raon feidhme an Achta:<\/p>\n<ul>\n<li>gach taifead a bhaineann le faisn\u00e9is phearsanta at\u00e1 i seilbh na Roinne is cuma c\u00e9n uair a crutha\u00edodh \u00e9<\/li>\n<li>gach taifead eile a crutha\u00edodh \u00f3n d\u00e1ta tosaithe, is \u00e9 sin, 21 Aibre\u00e1n 1998<\/li>\n<li>aon taifid eile at\u00e1 riachtanach chun taifead reatha a thuiscint<\/li>\n<li>taifid phearsanra na mball foirne ar seirbh\u00eds a crutha\u00edodh \u00f3n 21 Aibre\u00e1n 1995 agus na taifid a crutha\u00edodh roimh an d\u00e1ta sin i gc\u00e1s ina n-\u00fas\u00e1idtear iad n\u00f3 a mbearta\u00edtear iad a \u00fas\u00e1id ar bhealach a th\u00e9ann chun dochair n\u00f3 a d\u2019fh\u00e9adfadh difear a dh\u00e9anamh don duine at\u00e1 i gceist<\/li>\n<\/ul>\n<h2>Conas iarratas a dh\u00e9anamh<\/h2>\n<p>T\u00e1 Grow Digital \u00e1 bhainisti\u00fa ag an Roinn Fiontar, Tr\u00e1d\u00e1la agus Fosta\u00edochta.<\/p>\n<p>Ba cheart iarratais faoin Acht um Shaor\u00e1il Faisn\u00e9ise a dh\u00e9anamh i scr\u00edbhinn chuig: An tAonad um Shaor\u00e1il Faisn\u00e9ise, An Roinn Fiontar, Tr\u00e1d\u00e1la agus Fosta\u00edochta, Sr\u00e1id Chill Dara, Baile \u00c1tha Cliath 2, D02 TD30.<\/p>\n<p>Is f\u00e9idir iarratais a dh\u00e9anamh go leictreonach freisin chuig <a href=\"mailto:foiunit@enterprise.gov.ie\">foiunit@enterprise.gov.ie<\/a>.<\/p>\n<h2>D&#8217;iarratas a thioms\u00fa<\/h2>\n<p>Agus d\u2019iarratas \u00e1 dh\u00e9anamh agat, ba cheart duit a r\u00e1 go bhfuil d\u2019iarratas \u00e1 dh\u00e9anamh agat faoin Acht um Shaor\u00e1il Faisn\u00e9ise. Ba cheart duit a bheith chomh sonrach agus is f\u00e9idir le gur f\u00e9idir an fhaisn\u00e9is a shainaithint go h\u00e9asca agus, m\u00e1s ind\u00e9anta, an fr\u00e1ma ama a bhaineann le d\u2019iarratas a chur in i\u00fal, mar shampla, idir Bealtaine 2012 \u2013 Nollaig 2012. Chomh maith leis sin, m\u00e1s f\u00e9idir, d\u00e9an iarracht an r\u00e9ims\u00ed den roinn is m\u00f3 a bhainfeadh le d\u2019iarratas, dar leat.<\/p>\n<p>D\u2019fh\u00e9adfadh go mbeadh ort d\u2019aitheantas a chruth\u00fa, go h\u00e1irithe agus faisn\u00e9is phearsanta \u00e1 lorg agat, agus mar sin d\u2019fh\u00e9adfa\u00ed iarraidh ort do theastas breithe, do chead\u00fanas tiom\u00e1na, do phas n\u00f3 d\u2019fhoirm eile aitheantais a thabhairt ar aird.<\/p>\n<p>Cuir uimhir theileaf\u00f3in lae san \u00e1ireamh le do thoil, m\u00e1s f\u00e9idir, ionas gur f\u00e9idir teagmh\u00e1il a dh\u00e9anamh leat go tapa m\u00e1s g\u00e1 sonra\u00ed d\u2019iarratas a shoil\u00e9iri\u00fa.<\/p>\n<p>M\u00e1 theasta\u00edonn c\u00fanamh \u00e9igin uait le d\u2019iarratas a thioms\u00fa, f\u00e9adfaidh t\u00fa dul i dteagmh\u00e1il leis an Aonad um Shaor\u00e1il Faisn\u00e9ise ag <a href=\"mailto:foiunit@enterprise.gov.ie\">foiunit@enterprise.gov.ie<\/a>.<\/p>\n<p>Faoin Acht n\u00ed m\u00f3r iarratas ar thaifid a admh\u00e1il laistigh de 2 sheachtain agus, i bhformh\u00f3r na gc\u00e1sanna, freagra a thabhairt air laistigh de 4 seachtaine. Sainmh\u00edn\u00edtear seachtain san Acht mar 5 l\u00e1 seachtaine as a ch\u00e9ile, gan an Satharn agus laethanta saoire poibl\u00ed a \u00e1ireamh (t\u00e1 an Domhnach eisiata freisin toisc nach meastar gur laethanta seachtaine iad). M\u00e1 bh\u00edonn tr\u00ed\u00fa p\u00e1irt\u00ed i gceist d\u2019fh\u00e9adfadh go mbeadh tr\u00ed seachtaine eile ann sula n-eiseofar freagra.<\/p>\n<p>N\u00edl aon t\u00e1ille ar iarratas ach t\u00e1 t\u00e1ill\u00ed i gceist m\u00e1 th\u00e9ann an t-am a chaitear ar chuardach agus ar aisghabh\u00e1il taifead thar 5 uair an chloig. N\u00ed ghearrfar aon t\u00e1ill\u00ed gan \u00e9 seo a phl\u00e9 leis an iarrth\u00f3ir ar dt\u00fas.<\/p>\n<h2>Ceart achomhairc<\/h2>\n<p>Mura bhfuil t\u00fa s\u00e1sta leis an gcinneadh a dh\u00e9antar ar d\u2019iarratas, f\u00e9adfaidh t\u00fa achomharc a dh\u00e9anamh ina leith tr\u00ed iarratas a dh\u00e9anamh ar athbhreithni\u00fa inmhe\u00e1nach. Baineann t\u00e1ille \u20ac30 (\u20ac10 do shealbh\u00f3ir\u00ed c\u00e1rta leighis agus a gcleithi\u00fanaithe) le hiarratais ar athbhreithni\u00fa inmhe\u00e1nach ar chinneadh ar iarratas neamhphearsanta. N\u00edl aon t\u00e1ille ar athbhreithni\u00fa inmhe\u00e1nach ar iarratas ar fhaisn\u00e9is phearsanta n\u00f3 i gc\u00e1s cinneadh d\u00e9anach ar iarratas neamhphearsanta.<\/p>\n<p>Tabhair do d\u2019aire, le h\u00e9ifeacht \u00f3n 19 Me\u00e1n F\u00f3mhair 2014, gur stop ranna rialtais agus comhlachta\u00ed poibl\u00ed de sheiceanna\/orduithe poist a sheoladh agus a fh\u00e1il chuig n\u00f3 \u00f3 ghn\u00f3lachta\u00ed in \u00c9irinn. T\u00e1 s\u00e9 seo ag teacht leis an tionscnamh r-L\u00e1, at\u00e1 mar chuid den Phlean N\u00e1isi\u00fanta \u00cdoca\u00edochta\u00ed. Is \u00e9 f\u00f3cas an r-L\u00e1 n\u00e1 fiontair bheaga agus mhe\u00e1nmh\u00e9ide a spreagadh le dul ar imirce \u00f3 \u00fas\u00e1id seiceanna mar gur eisitheoir\u00ed n\u00f3 glacad\u00f3ir\u00ed breis is 60% de na seice\u00e1lacha go l\u00e9ir in \u00c9irinn iad. Ceann de na pr\u00edomhspreagtha\u00ed taobh thiar de r-L\u00e1 n\u00e1 cabhr\u00fa le gn\u00f3lachta\u00ed, go h\u00e1irithe gn\u00f3lachta\u00ed beaga, na costais a thabha\u00edtear tr\u00ed sheiceanna a \u00fas\u00e1id chun \u00edoca\u00edochta\u00ed a dh\u00e9anamh a laghd\u00fa.<\/p>\n<p>D\u00e1 r\u00e9ir sin, m\u00e1 t\u00e1 t\u00fa ag obair do ghn\u00f3\/cuideachta, f\u00e9adfaidh t\u00fa an t\u00e1ille achomhairc a \u00edoc tr\u00ed r\u00edomhaistri\u00fa airgid (EFT) chuig cuntas na roinne seo i Danske Bank. Seo a leanas sonra\u00ed an Chuntais seo:<\/p>\n<table>\n<tbody>\n<tr>\n<td>Ainm an Bhainc:<\/td>\n<td>Danske Bank<\/td>\n<\/tr>\n<tr>\n<td>Ainm an Chuntais:<\/td>\n<td>Danske EFT Receipts Public Bank Account<\/td>\n<\/tr>\n<tr>\n<td>Seoladh:<\/td>\n<td>International House, 3 Harbourmaster Place, IFSC, Dublin 1<\/td>\n<\/tr>\n<tr>\n<td>Cuntas Uimh:<\/td>\n<td>IBAN IE24DABA95199030010413<\/td>\n<\/tr>\n<tr>\n<td>BIC:<\/td>\n<td>DABAIE2D<\/td>\n<\/tr>\n<\/tbody>\n<\/table>\n<p>Agus \u00edoca\u00edocht \u00e1 d\u00e9anamh le EFT cuir san \u00e1ireamh le do thoil na<strong> ainm do ghn\u00f3, d\u2019ainm, Uimhir Thagartha SF, d\u00e1ta an taiscthe seo agus luaigh go mbaineann an \u00edoca\u00edocht le T\u00e1ille Achomhairc um Shaor\u00e1il Faisn\u00e9ise<\/strong>. <strong>Cuir isteach<\/strong>, le do thoil, <strong>d\u00e1ta an taiscthe seo agus d\u2019achomharc um Shaor\u00e1il Faisn\u00e9ise<\/strong> \u00e1 chur isteach agat.<\/p>\n<p>Mar sin f\u00e9in, mura bhfuil t\u00fa ag obair do ghn\u00f3\/cuideachta is f\u00e9idir an t\u00e1ille a chur isteach i bhfoirm Ord\u00fa Airgid, Ord\u00fa Poist n\u00f3 seic tarraingthe ar bhanc i bPoblacht na h\u00c9ireann in\u00edoctha leis an \u2018An Roinn Fiontar, Tr\u00e1d\u00e1la agus Fosta\u00edochta\u2019. .<\/p>\n","protected":false},"excerpt":{"rendered":"<p>Saor\u00e1il Faisn\u00e9ise Saor\u00e1il Faisn\u00e9ise Buna\u00edonn an tAcht um Shaor\u00e1il Faisn\u00e9ise 2014 tr\u00ed cheart reacht\u00fala: ceart dl\u00edthi\u00fail ag gach duine rochtain a fh\u00e1il ar fhaisn\u00e9is at\u00e1 i seilbh comhlachta\u00ed poibl\u00ed ceart dl\u00edthi\u00fail ag gach duine faisn\u00e9is oifigi\u00fail a bhaineann leis\/l\u00e9i f\u00e9in a leas\u00fa nuair at\u00e1 s\u00e9 neamhioml\u00e1n, m\u00edcheart n\u00f3 m\u00edthreorach ceart dl\u00edthi\u00fail c\u00faiseanna a fh\u00e1il le [&hellip;]<\/p>\n","protected":false},"author":60,"featured_media":0,"parent":0,"menu_order":0,"comment_status":"closed","ping_status":"closed","template":"","meta":{"_acf_changed":false,"footnotes":""},"class_list":["post-1356","page","type-page","status-publish","hentry"],"acf":[],"yoast_head":"<!-- This site is optimized with the Yoast SEO plugin v27.5 - https:\/\/yoast.com\/product\/yoast-seo-wordpress\/ -->\n<title>Saor\u00e1il Faisn\u00e9ise | F\u00e1s Digiteach<\/title>\n<meta name=\"description\" content=\"Faoin Acht um Shaor\u00e1il Faisn\u00e9ise, t\u00e1 aon duine i dteideal iarratas a dh\u00e9anamh ar rochtain ar fhaisn\u00e9is nach bhfuil ar f\u00e1il go poibl\u00ed ar bhealach eile. Rochtain, leas\u00fa, agus achomharc ar chearta faisn\u00e9ise.\" \/>\n<meta name=\"robots\" content=\"index, follow, max-snippet:-1, max-image-preview:large, max-video-preview:-1\" \/>\n<link rel=\"canonical\" href=\"https:\/\/www.growdigital.gov.ie\/ga\/freedom-of-information\/\" \/>\n<meta property=\"og:locale\" content=\"ga_IE\" \/>\n<meta property=\"og:type\" content=\"article\" \/>\n<meta property=\"og:title\" content=\"Saor\u00e1il Faisn\u00e9ise | F\u00e1s Digiteach\" \/>\n<meta property=\"og:description\" content=\"Faoin Acht um Shaor\u00e1il Faisn\u00e9ise, t\u00e1 aon duine i dteideal iarratas a dh\u00e9anamh ar rochtain ar fhaisn\u00e9is nach bhfuil ar f\u00e1il go poibl\u00ed ar bhealach eile. Rochtain, leas\u00fa, agus achomharc ar chearta faisn\u00e9ise.\" \/>\n<meta property=\"og:url\" content=\"https:\/\/www.growdigital.gov.ie\/ga\/freedom-of-information\/\" \/>\n<meta property=\"og:site_name\" content=\"Grow Digital\" \/>\n<meta property=\"article:modified_time\" content=\"2024-07-11T11:24:55+00:00\" \/>\n<meta property=\"og:image\" content=\"https:\/\/www.growdigital.gov.ie\/wp-content\/uploads\/2023\/10\/results-look2.png\" \/>\n\t<meta property=\"og:image:width\" content=\"464\" \/>\n\t<meta property=\"og:image:height\" content=\"318\" \/>\n\t<meta property=\"og:image:type\" content=\"image\/png\" \/>\n<meta name=\"twitter:card\" content=\"summary_large_image\" \/>\n<meta name=\"twitter:label1\" content=\"Est. reading time\" \/>\n\t<meta name=\"twitter:data1\" content=\"4 minutes\" \/>\n<script type=\"application\/ld+json\" class=\"yoast-schema-graph\">{\"@context\":\"https:\\\/\\\/schema.org\",\"@graph\":[{\"@type\":\"WebPage\",\"@id\":\"https:\\\/\\\/www.growdigital.gov.ie\\\/ga\\\/freedom-of-information\\\/\",\"url\":\"https:\\\/\\\/www.growdigital.gov.ie\\\/ga\\\/freedom-of-information\\\/\",\"name\":\"Saor\u00e1il Faisn\u00e9ise | F\u00e1s Digiteach\",\"isPartOf\":{\"@id\":\"https:\\\/\\\/www.growdigital.gov.ie\\\/#website\"},\"datePublished\":\"2023-10-30T05:46:21+00:00\",\"dateModified\":\"2024-07-11T11:24:55+00:00\",\"description\":\"Faoin Acht um Shaor\u00e1il Faisn\u00e9ise, t\u00e1 aon duine i dteideal iarratas a dh\u00e9anamh ar rochtain ar fhaisn\u00e9is nach bhfuil ar f\u00e1il go poibl\u00ed ar bhealach eile. Rochtain, leas\u00fa, agus achomharc ar chearta faisn\u00e9ise.\",\"breadcrumb\":{\"@id\":\"https:\\\/\\\/www.growdigital.gov.ie\\\/ga\\\/freedom-of-information\\\/#breadcrumb\"},\"inLanguage\":\"ga-IE\",\"potentialAction\":[{\"@type\":\"ReadAction\",\"target\":[\"https:\\\/\\\/www.growdigital.gov.ie\\\/ga\\\/freedom-of-information\\\/\"]}]},{\"@type\":\"BreadcrumbList\",\"@id\":\"https:\\\/\\\/www.growdigital.gov.ie\\\/ga\\\/freedom-of-information\\\/#breadcrumb\",\"itemListElement\":[{\"@type\":\"ListItem\",\"position\":1,\"name\":\"Home\",\"item\":\"https:\\\/\\\/www.growdigital.gov.ie\\\/ga\\\/\"},{\"@type\":\"ListItem\",\"position\":2,\"name\":\"Saor\u00e1il Faisn\u00e9ise\"}]},{\"@type\":\"WebSite\",\"@id\":\"https:\\\/\\\/www.growdigital.gov.ie\\\/#website\",\"url\":\"https:\\\/\\\/www.growdigital.gov.ie\\\/\",\"name\":\"Grow Digital\",\"description\":\"Digital toolkit for every business\",\"publisher\":{\"@id\":\"https:\\\/\\\/www.growdigital.gov.ie\\\/#organization\"},\"alternateName\":\"Grow Digital - Digital toolkit for every business\",\"potentialAction\":[{\"@type\":\"SearchAction\",\"target\":{\"@type\":\"EntryPoint\",\"urlTemplate\":\"https:\\\/\\\/www.growdigital.gov.ie\\\/?s={search_term_string}\"},\"query-input\":{\"@type\":\"PropertyValueSpecification\",\"valueRequired\":true,\"valueName\":\"search_term_string\"}}],\"inLanguage\":\"ga-IE\"},{\"@type\":\"Organization\",\"@id\":\"https:\\\/\\\/www.growdigital.gov.ie\\\/#organization\",\"name\":\"Grow Digital\",\"alternateName\":\"Grow Digital - Digital toolkit for every business\",\"url\":\"https:\\\/\\\/www.growdigital.gov.ie\\\/\",\"logo\":{\"@type\":\"ImageObject\",\"inLanguage\":\"ga-IE\",\"@id\":\"https:\\\/\\\/www.growdigital.gov.ie\\\/#\\\/schema\\\/logo\\\/image\\\/\",\"url\":\"https:\\\/\\\/www.growdigital.gov.ie\\\/wp-content\\\/uploads\\\/2023\\\/11\\\/Grow-Digital-Logo-background.webp\",\"contentUrl\":\"https:\\\/\\\/www.growdigital.gov.ie\\\/wp-content\\\/uploads\\\/2023\\\/11\\\/Grow-Digital-Logo-background.webp\",\"width\":599,\"height\":455,\"caption\":\"Grow Digital\"},\"image\":{\"@id\":\"https:\\\/\\\/www.growdigital.gov.ie\\\/#\\\/schema\\\/logo\\\/image\\\/\"}}]}<\/script>\n<!-- \/ Yoast SEO plugin. -->","yoast_head_json":{"title":"Saor\u00e1il Faisn\u00e9ise | F\u00e1s Digiteach","description":"Faoin Acht um Shaor\u00e1il Faisn\u00e9ise, t\u00e1 aon duine i dteideal iarratas a dh\u00e9anamh ar rochtain ar fhaisn\u00e9is nach bhfuil ar f\u00e1il go poibl\u00ed ar bhealach eile. Rochtain, leas\u00fa, agus achomharc ar chearta faisn\u00e9ise.","robots":{"index":"index","follow":"follow","max-snippet":"max-snippet:-1","max-image-preview":"max-image-preview:large","max-video-preview":"max-video-preview:-1"},"canonical":"https:\/\/www.growdigital.gov.ie\/ga\/freedom-of-information\/","og_locale":"ga_IE","og_type":"article","og_title":"Saor\u00e1il Faisn\u00e9ise | F\u00e1s Digiteach","og_description":"Faoin Acht um Shaor\u00e1il Faisn\u00e9ise, t\u00e1 aon duine i dteideal iarratas a dh\u00e9anamh ar rochtain ar fhaisn\u00e9is nach bhfuil ar f\u00e1il go poibl\u00ed ar bhealach eile. Rochtain, leas\u00fa, agus achomharc ar chearta faisn\u00e9ise.","og_url":"https:\/\/www.growdigital.gov.ie\/ga\/freedom-of-information\/","og_site_name":"Grow Digital","article_modified_time":"2024-07-11T11:24:55+00:00","og_image":[{"width":464,"height":318,"url":"https:\/\/www.growdigital.gov.ie\/wp-content\/uploads\/2023\/10\/results-look2.png","type":"image\/png"}],"twitter_card":"summary_large_image","twitter_misc":{"Est. reading time":"4 minutes"},"schema":{"@context":"https:\/\/schema.org","@graph":[{"@type":"WebPage","@id":"https:\/\/www.growdigital.gov.ie\/ga\/freedom-of-information\/","url":"https:\/\/www.growdigital.gov.ie\/ga\/freedom-of-information\/","name":"Saor\u00e1il Faisn\u00e9ise | F\u00e1s Digiteach","isPartOf":{"@id":"https:\/\/www.growdigital.gov.ie\/#website"},"datePublished":"2023-10-30T05:46:21+00:00","dateModified":"2024-07-11T11:24:55+00:00","description":"Faoin Acht um Shaor\u00e1il Faisn\u00e9ise, t\u00e1 aon duine i dteideal iarratas a dh\u00e9anamh ar rochtain ar fhaisn\u00e9is nach bhfuil ar f\u00e1il go poibl\u00ed ar bhealach eile. Rochtain, leas\u00fa, agus achomharc ar chearta faisn\u00e9ise.","breadcrumb":{"@id":"https:\/\/www.growdigital.gov.ie\/ga\/freedom-of-information\/#breadcrumb"},"inLanguage":"ga-IE","potentialAction":[{"@type":"ReadAction","target":["https:\/\/www.growdigital.gov.ie\/ga\/freedom-of-information\/"]}]},{"@type":"BreadcrumbList","@id":"https:\/\/www.growdigital.gov.ie\/ga\/freedom-of-information\/#breadcrumb","itemListElement":[{"@type":"ListItem","position":1,"name":"Home","item":"https:\/\/www.growdigital.gov.ie\/ga\/"},{"@type":"ListItem","position":2,"name":"Saor\u00e1il Faisn\u00e9ise"}]},{"@type":"WebSite","@id":"https:\/\/www.growdigital.gov.ie\/#website","url":"https:\/\/www.growdigital.gov.ie\/","name":"Grow Digital","description":"Digital toolkit for every business","publisher":{"@id":"https:\/\/www.growdigital.gov.ie\/#organization"},"alternateName":"Grow Digital - Digital toolkit for every business","potentialAction":[{"@type":"SearchAction","target":{"@type":"EntryPoint","urlTemplate":"https:\/\/www.growdigital.gov.ie\/?s={search_term_string}"},"query-input":{"@type":"PropertyValueSpecification","valueRequired":true,"valueName":"search_term_string"}}],"inLanguage":"ga-IE"},{"@type":"Organization","@id":"https:\/\/www.growdigital.gov.ie\/#organization","name":"Grow Digital","alternateName":"Grow Digital - Digital toolkit for every business","url":"https:\/\/www.growdigital.gov.ie\/","logo":{"@type":"ImageObject","inLanguage":"ga-IE","@id":"https:\/\/www.growdigital.gov.ie\/#\/schema\/logo\/image\/","url":"https:\/\/www.growdigital.gov.ie\/wp-content\/uploads\/2023\/11\/Grow-Digital-Logo-background.webp","contentUrl":"https:\/\/www.growdigital.gov.ie\/wp-content\/uploads\/2023\/11\/Grow-Digital-Logo-background.webp","width":599,"height":455,"caption":"Grow Digital"},"image":{"@id":"https:\/\/www.growdigital.gov.ie\/#\/schema\/logo\/image\/"}}]}},"_links":{"self":[{"href":"https:\/\/www.growdigital.gov.ie\/ga\/wp-json\/wp\/v2\/pages\/1356","targetHints":{"allow":["GET"]}}],"collection":[{"href":"https:\/\/www.growdigital.gov.ie\/ga\/wp-json\/wp\/v2\/pages"}],"about":[{"href":"https:\/\/www.growdigital.gov.ie\/ga\/wp-json\/wp\/v2\/types\/page"}],"author":[{"embeddable":true,"href":"https:\/\/www.growdigital.gov.ie\/ga\/wp-json\/wp\/v2\/users\/60"}],"replies":[{"embeddable":true,"href":"https:\/\/www.growdigital.gov.ie\/ga\/wp-json\/wp\/v2\/comments?post=1356"}],"version-history":[{"count":1,"href":"https:\/\/www.growdigital.gov.ie\/ga\/wp-json\/wp\/v2\/pages\/1356\/revisions"}],"predecessor-version":[{"id":1358,"href":"https:\/\/www.growdigital.gov.ie\/ga\/wp-json\/wp\/v2\/pages\/1356\/revisions\/1358"}],"wp:attachment":[{"href":"https:\/\/www.growdigital.gov.ie\/ga\/wp-json\/wp\/v2\/media?parent=1356"}],"curies":[{"name":"wp","href":"https:\/\/api.w.org\/{rel}","templated":true}]}}